{"id":22,"date":"2023-10-30T16:48:45","date_gmt":"2023-10-30T15:48:45","guid":{"rendered":"https:\/\/ba4sweden.se\/?page_id=22"},"modified":"2024-02-06T22:57:42","modified_gmt":"2024-02-06T21:57:42","slug":"home","status":"publish","type":"page","link":"https:\/\/ba4sweden.se\/","title":{"rendered":"V\u00e5rt erbjudande"},"content":{"rendered":"<blockquote class=\"wp-block-quote\"><p>BA 4Sweden AB\u00a0 \u00e4r verksamma tillsammans med v\u00e5ra partners inom IT-tj\u00e4nster f\u00f6r f\u00f6retag och myndigheter.<\/p>\n<p>Vi har m\u00e5ng\u00e5rig erfarenhet i stora datacenters. Vi hj\u00e4lper er Er med allt fr\u00e5n mindre system, som t.ex enstaka webapplikationer till riktigt stora helhetsl\u00f6sningar.<\/p>\n<p>Ett axplock av omr\u00e5den vi kan hj\u00e4lpa Er med, b\u00e5de onprem och i cloud:<\/p>\n<ul>\n<li>web-utveckling och drift<\/li>\n<li>mailtj\u00e4nster<\/li>\n<li>\u00f6vervakning<\/li>\n<li>\u00f6vriga infrastrukturs tj\u00e4nster<\/li>\n<li>s\u00e4kerhet f\u00f6r infrastruktur b\u00e5de inom n\u00e4t och servrar<\/li>\n<li>design och drift av system f\u00f6r h\u00f6g tillg\u00e4nglighet<\/li>\n<li>katastrofs\u00e4kring<\/li>\n<li>automation<\/li>\n<li>CI\/CD<\/li>\n<li>orkestrering<\/li>\n<li>design och projektering av st\u00f6rre system<\/li>\n<li>utveckling av egna applikationer eller microservices<\/li>\n<li>vi kan \u00f6verta ansvar f\u00f6r drift av hela er IT-milj\u00f6<\/li>\n<li>virtualisering<\/li>\n<li>containers<\/li>\n<li>kubernetes<\/li>\n<\/ul>\n<\/blockquote>\n<blockquote class=\"wp-block-quote\"><p>&nbsp;<\/p>\n<p>Vi har \u00e4ven egen serverdrift d\u00e4r Ni kan hyra in er f\u00f6r att kunna nyttja prisv\u00e4rda\u00a0 tj\u00e4nster i en delad eller eller en egen milj\u00f6.<\/p>\n<p>B\u00e4sta s\u00e4tt att kontakta oss hittar ni h\u00e4r:\u00a0 <a href=\"https:\/\/ba4sweden.se\/?page_id=77\">klicka h\u00e4r<\/a><\/p>\n<p>&nbsp;<\/p>\n<p>Exempel p\u00e5 ett par av v\u00e5ra\u00a0 partners som vi har n\u00e4ra samarbete med \u00e4r <a href=\"https:\/\/www.consultron.se\/\" target=\"_blank\" rel=\"noopener\">Consultron<\/a> och <a href=\"https:\/\/www.novitell.se\/\" target=\"_blank\" rel=\"noopener\">Novitell AB<\/a><\/p>\n<p>Vi kommer fram\u00f6ver att publicera en del projekt i v\u00e5r <a href=\"https:\/\/ba4sweden.se\/?page_id=27\" target=\"_blank\" rel=\"noopener\">blog<\/a><\/p>\n<p><a href=\"https:\/\/kubernetes.io\/\" target=\"_blank\" rel=\"noopener\"><img loading=\"lazy\" decoding=\"async\" class=\"alignnone wp-image-109 size-thumbnail\" src=\"https:\/\/ba4sweden.se\/wp-content\/uploads\/2023\/11\/Kubernetes_logo_without_workmark.svg_-150x150.png\" alt=\"\" width=\"150\" height=\"150\" \/><\/a>\u00a0 \u00a0 \u00a0 \u00a0 \u00a0 \u00a0 \u00a0 \u00a0 \u00a0 \u00a0 \u00a0 \u00a0 \u00a0 \u00a0 \u00a0 \u00a0 \u00a0 \u00a0 \u00a0 \u00a0 \u00a0 \u00a0 \u00a0 \u00a0 \u00a0 <img loading=\"lazy\" decoding=\"async\" class=\"alignnone size-full wp-image-111\" src=\"https:\/\/ba4sweden.se\/wp-content\/uploads\/2023\/11\/Tux.png\" alt=\"\" width=\"210\" height=\"249\" \/>\u00a0 \u00a0 \u00a0 \u00a0 \u00a0 \u00a0 \u00a0 \u00a0 \u00a0 \u00a0 \u00a0 \u00a0 \u00a0 \u00a0 \u00a0 \u00a0 \u00a0 \u00a0 \u00a0<img loading=\"lazy\" decoding=\"async\" class=\"alignnone size-medium wp-image-45\" src=\"https:\/\/ba4sweden.se\/wp-content\/uploads\/2023\/10\/Proxmox_logo_standard_hex_400px-300x45.png\" alt=\"\" width=\"300\" height=\"45\" srcset=\"https:\/\/ba4sweden.se\/wp-content\/uploads\/2023\/10\/Proxmox_logo_standard_hex_400px-300x45.png 300w, https:\/\/ba4sweden.se\/wp-content\/uploads\/2023\/10\/Proxmox_logo_standard_hex_400px.png 400w\" sizes=\"auto, (max-width: 300px) 100vw, 300px\" \/><\/p>\n<p>&nbsp;<\/p>\n<p>&nbsp;<\/p>\n<p>&nbsp;<\/p>\n<p>Inom Telekom \u00e4r vi verksamma dels i &#8221;f\u00e4lt&#8221; med byggnation av fasta radioanl\u00e4ggningar men \u00e4ven f\u00f6rs\u00e4ljning av olika former av material f\u00f6r radio och tele, till exempel olika former av l\u00e5gf\u00f6rlust kablage, antenner, master och mycket mera. I v\u00e5r webshop antennerna.se \u00e5terfinns en del material, fr\u00e4mst sortimentet f\u00f6r konsumenter, v\u00e5ra kundbas \u00e4r annars fr\u00e4mst f\u00f6retag, f\u00f6rsvaret och myndigheter.<\/p><\/blockquote>\n<p><a href=\"https:\/\/www.antennerna.se\" target=\"_blank\" rel=\"noopener\"><img loading=\"lazy\" decoding=\"async\" class=\"wp-image-35 size-medium aligncenter\" src=\"https:\/\/ba4sweden.se\/wp-content\/uploads\/2023\/10\/antennerna-300x51.jpg\" alt=\"\" width=\"300\" height=\"51\" srcset=\"https:\/\/ba4sweden.se\/wp-content\/uploads\/2023\/10\/antennerna-300x51.jpg 300w, https:\/\/ba4sweden.se\/wp-content\/uploads\/2023\/10\/antennerna.jpg 468w\" sizes=\"auto, (max-width: 300px) 100vw, 300px\" \/><\/a><\/p>\n<p>&nbsp;<\/p>\n","protected":false},"excerpt":{"rendered":"<p>BA 4Sweden AB\u00a0 \u00e4r verksamma tillsammans med v\u00e5ra partners inom IT-tj\u00e4nster f\u00f6r f\u00f6retag och myndigheter. Vi har m\u00e5ng\u00e5rig erfarenhet i stora datacenters. Vi hj\u00e4lper er Er med allt fr\u00e5n mindre system, som t.ex enstaka webapplikationer till riktigt stora helhetsl\u00f6sningar. Ett axplock av omr\u00e5den vi kan hj\u00e4lpa Er med, b\u00e5de onprem och i cloud: web-utveckling och [&hellip;]<\/p>\n","protected":false},"author":1,"featured_media":0,"parent":0,"menu_order":0,"comment_status":"closed","ping_status":"closed","template":"","meta":{"footnotes":""},"class_list":["post-22","page","type-page","status-publish","hentry"],"_links":{"self":[{"href":"https:\/\/ba4sweden.se\/index.php?rest_route=\/wp\/v2\/pages\/22","targetHints":{"allow":["GET"]}}],"collection":[{"href":"https:\/\/ba4sweden.se\/index.php?rest_route=\/wp\/v2\/pages"}],"about":[{"href":"https:\/\/ba4sweden.se\/index.php?rest_route=\/wp\/v2\/types\/page"}],"author":[{"embeddable":true,"href":"https:\/\/ba4sweden.se\/index.php?rest_route=\/wp\/v2\/users\/1"}],"replies":[{"embeddable":true,"href":"https:\/\/ba4sweden.se\/index.php?rest_route=%2Fwp%2Fv2%2Fcomments&post=22"}],"version-history":[{"count":45,"href":"https:\/\/ba4sweden.se\/index.php?rest_route=\/wp\/v2\/pages\/22\/revisions"}],"predecessor-version":[{"id":128,"href":"https:\/\/ba4sweden.se\/index.php?rest_route=\/wp\/v2\/pages\/22\/revisions\/128"}],"wp:attachment":[{"href":"https:\/\/ba4sweden.se\/index.php?rest_route=%2Fwp%2Fv2%2Fmedia&parent=22"}],"curies":[{"name":"wp","href":"https:\/\/api.w.org\/{rel}","templated":true}]}}